{"id":296,"date":"2025-02-06T21:30:08","date_gmt":"2025-02-06T21:30:08","guid":{"rendered":"https:\/\/upwyse.co\/soro\/?page_id=296"},"modified":"2025-11-13T22:48:23","modified_gmt":"2025-11-13T22:48:23","slug":"blog","status":"publish","type":"page","link":"https:\/\/soropartners.com\/en\/blog\/","title":{"rendered":"Blog"},"content":{"rendered":"<div data-elementor-type=\"wp-page\" data-elementor-id=\"296\" class=\"elementor elementor-296\">\n\t\t\t\t<div class=\"elementor-element elementor-element-df022be e-flex e-con-boxed e-con e-parent\" data-id=\"df022be\" data-element_type=\"container\" data-settings=\"{&quot;background_background&quot;:&quot;classic&quot;,&quot;jet_parallax_layout_list&quot;:[]}\">\n\t\t\t\t\t<div class=\"e-con-inner\">\n\t\t\t\t\t<\/div>\n\t\t\t\t<\/div>\n\t\t<div class=\"elementor-element elementor-element-b5845d0 e-flex e-con-boxed elementor-invisible e-con e-parent\" data-id=\"b5845d0\" data-element_type=\"container\" data-settings=\"{&quot;jet_parallax_layout_list&quot;:[],&quot;animation&quot;:&quot;fadeIn&quot;}\">\n\t\t\t\t\t<div class=\"e-con-inner\">\n\t\t<div class=\"elementor-element elementor-element-7dc1a27 e-con-full e-flex e-con e-child\" data-id=\"7dc1a27\" data-element_type=\"container\" data-settings=\"{&quot;jet_parallax_layout_list&quot;:[]}\">\n\t\t\t\t<div class=\"elementor-element elementor-element-7d3707e elementor-invisible elementor-widget elementor-widget-heading\" data-id=\"7d3707e\" data-element_type=\"widget\" data-settings=\"{&quot;_animation&quot;:&quot;fadeInUp&quot;}\" data-widget_type=\"heading.default\">\n\t\t\t\t<div class=\"elementor-widget-container\">\n\t\t\t\t\t<h2 class=\"elementor-heading-title elementor-size-default\">El Borr\u00f3n<\/h2>\t\t\t\t<\/div>\n\t\t\t\t<\/div>\n\t\t\t\t<div class=\"elementor-element elementor-element-0d6b11b elementor-widget__width-initial elementor-widget-mobile__width-initial elementor-widget elementor-widget-text-editor\" data-id=\"0d6b11b\" data-element_type=\"widget\" data-widget_type=\"text-editor.default\">\n\t\t\t\t<div class=\"elementor-widget-container\">\n\t\t\t\t\t\t\t\t\t<p>Espacio para compartir pensamientos e ideas, principalmente en materia de derecho corporativo, transacciones corporativas y negocios, con un enfoque multidisciplinario, en constante evoluci\u00f3n y transformaci\u00f3n.<\/p>\t\t\t\t\t\t\t\t<\/div>\n\t\t\t\t<\/div>\n\t\t\t\t<div class=\"elementor-element elementor-element-9ec6e28 elementor-widget elementor-widget-jet-listing-grid\" data-id=\"9ec6e28\" data-element_type=\"widget\" data-settings=\"{&quot;columns&quot;:&quot;3&quot;,&quot;columns_mobile&quot;:&quot;1&quot;}\" data-widget_type=\"jet-listing-grid.default\">\n\t\t\t\t<div class=\"elementor-widget-container\">\n\t\t\t\t\t<div class=\"jet-listing-grid jet-listing-grid--lazy-load jet-listing jet-listing-grid-loading\" data-lazy-load=\"{&quot;offset&quot;:&quot;0px&quot;,&quot;post_id&quot;:296,&quot;queried_id&quot;:&quot;296|WP_Post&quot;}\"><div class=\"jet-listing-grid__loader\"><div class=\"jet-listing-grid__loader-spinner\"><\/div><\/div><\/div>\t\t\t\t<\/div>\n\t\t\t\t<\/div>\n\t\t\t\t<\/div>\n\t\t\t\t\t<\/div>\n\t\t\t\t<\/div>\n\t\t<div class=\"elementor-element elementor-element-f7d9c74 e-con-full e-flex e-con e-parent\" data-id=\"f7d9c74\" data-element_type=\"container\" data-settings=\"{&quot;jet_parallax_layout_list&quot;:[]}\">\n\t\t<div class=\"elementor-element elementor-element-f420381 e-con-full e-flex e-con e-child\" data-id=\"f420381\" data-element_type=\"container\" data-settings=\"{&quot;jet_parallax_layout_list&quot;:[]}\">\n\t\t\t\t<div class=\"elementor-element elementor-element-a3b7ed4 elementor-widget elementor-widget-image\" data-id=\"a3b7ed4\" data-element_type=\"widget\" data-widget_type=\"image.default\">\n\t\t\t\t<div class=\"elementor-widget-container\">\n\t\t\t\t\t\t\t\t\t\t\t\t\t\t\t<img fetchpriority=\"high\" decoding=\"async\" width=\"952\" height=\"668\" src=\"https:\/\/soropartners.com\/wp-content\/uploads\/2025\/01\/shutterstock_330863723.jpg\" class=\"attachment-large size-large wp-image-28\" alt=\"\" srcset=\"https:\/\/soropartners.com\/wp-content\/uploads\/2025\/01\/shutterstock_330863723.jpg 952w, https:\/\/soropartners.com\/wp-content\/uploads\/2025\/01\/shutterstock_330863723-300x211.jpg 300w, https:\/\/soropartners.com\/wp-content\/uploads\/2025\/01\/shutterstock_330863723-768x539.jpg 768w\" sizes=\"(max-width: 952px) 100vw, 952px\" \/>\t\t\t\t\t\t\t\t\t\t\t\t\t\t\t<\/div>\n\t\t\t\t<\/div>\n\t\t\t\t<\/div>\n\t\t<div class=\"elementor-element elementor-element-7aa9665 e-con-full e-flex e-con e-child\" data-id=\"7aa9665\" data-element_type=\"container\" data-settings=\"{&quot;background_background&quot;:&quot;classic&quot;,&quot;jet_parallax_layout_list&quot;:[]}\">\n\t\t\t\t<div class=\"elementor-element elementor-element-839622b elementor-invisible elementor-widget elementor-widget-heading\" data-id=\"839622b\" data-element_type=\"widget\" data-settings=\"{&quot;_animation&quot;:&quot;fadeInUp&quot;}\" data-widget_type=\"heading.default\">\n\t\t\t\t<div class=\"elementor-widget-container\">\n\t\t\t\t\t<h2 class=\"elementor-heading-title elementor-size-default\">Contact us<\/h2>\t\t\t\t<\/div>\n\t\t\t\t<\/div>\n\t\t\t\t<div class=\"elementor-element elementor-element-15bbf5d elementor-widget__width-initial elementor-widget elementor-widget-text-editor\" data-id=\"15bbf5d\" data-element_type=\"widget\" data-widget_type=\"text-editor.default\">\n\t\t\t\t<div class=\"elementor-widget-container\">\n\t\t\t\t\t\t\t\t\t<p>If you require consultancy, please contact us.<\/p>\t\t\t\t\t\t\t\t<\/div>\n\t\t\t\t<\/div>\n\t\t<div class=\"elementor-element elementor-element-58e1f59 e-con-full e-flex e-con e-child\" data-id=\"58e1f59\" data-element_type=\"container\" data-settings=\"{&quot;jet_parallax_layout_list&quot;:[]}\">\n\t\t<div class=\"elementor-element elementor-element-a98983c e-con-full e-flex e-con e-child\" data-id=\"a98983c\" data-element_type=\"container\" data-settings=\"{&quot;jet_parallax_layout_list&quot;:[]}\">\n\t\t\t\t<div class=\"elementor-element elementor-element-899200f elementor-widget__width-initial elementor-widget elementor-widget-raven-button\" data-id=\"899200f\" data-element_type=\"widget\" data-settings=\"{&quot;turn_to_popup_action_button&quot;:&quot;no&quot;}\" data-widget_type=\"raven-button.default\">\n\t\t\t\t<div class=\"elementor-widget-container\">\n\t\t\t\t\t\t\t<div class=\"raven-widget-wrapper\">\n\t\t\t<a class=\"raven-button raven-button-widget-normal-effect-none elementor-button raven-button-text-align-center raven-button-link elementor-animation-none\" href=\"mailto:info@soropartners.com\">\t\t\t\t<div class=\"raven-button-overlay\" ><\/div>\n\t\t\t\t<span class=\"raven-button-content\">\n\t\t\t\t\t\n\t\t\t\t\t<div class=\"button-text-container\">\n\t\t\t\t\t\t\t\t\t\t\t\t<div class=\"raven-button-texts-wrapper\">\n\t\t\t\t\t\t\t<div class=\"button-text\">\n\t\t\t\t\t\t\t\t<span class=\"raven-button-text\">\n\t\t\t\t\t\t\t\t\tWrite to us\t\t\t\t\t\t\t\t<\/span>\n\t\t\t\t\t\t\t<\/div>\n\t\t\t\t\t\t\t\t\t\t\t\t\t<\/div>\n\t\t\t\t\t\t\t\t\t\t\t<\/div>\n\t\t\t\t\t\n\t\t\t\t\t\t\t\t\t<\/span>\n\t\t\t<\/a>\t\t<\/div>\n\t\t\t\t\t\t<\/div>\n\t\t\t\t<\/div>\n\t\t\t\t<\/div>\n\t\t<div class=\"elementor-element elementor-element-dde9bdf e-con-full e-flex e-con e-child\" data-id=\"dde9bdf\" data-element_type=\"container\" data-settings=\"{&quot;jet_parallax_layout_list&quot;:[]}\">\n\t\t\t\t<div class=\"elementor-element elementor-element-747a804 elementor-widget__width-initial elementor-widget elementor-widget-raven-button\" data-id=\"747a804\" data-element_type=\"widget\" data-settings=\"{&quot;turn_to_popup_action_button&quot;:&quot;no&quot;}\" data-widget_type=\"raven-button.default\">\n\t\t\t\t<div class=\"elementor-widget-container\">\n\t\t\t\t\t\t\t<div class=\"raven-widget-wrapper\">\n\t\t\t<a class=\"raven-button raven-button-widget-normal-effect-none elementor-button raven-button-text-align-center raven-button-link elementor-animation-none\" href=\"https:\/\/calendar.app.google\/4SJN1RM3WfsvYWH2A\" target=\"_blank\">\t\t\t\t<div class=\"raven-button-overlay\" ><\/div>\n\t\t\t\t<span class=\"raven-button-content\">\n\t\t\t\t\t\n\t\t\t\t\t<div class=\"button-text-container\">\n\t\t\t\t\t\t\t\t\t\t\t\t<div class=\"raven-button-texts-wrapper\">\n\t\t\t\t\t\t\t<div class=\"button-text\">\n\t\t\t\t\t\t\t\t<span class=\"raven-button-text\">\n\t\t\t\t\t\t\t\t\tSchedule a call                  \t\t\t\t\t\t\t\t<\/span>\n\t\t\t\t\t\t\t<\/div>\n\t\t\t\t\t\t\t\t\t\t\t\t\t<\/div>\n\t\t\t\t\t\t\t\t\t\t\t<\/div>\n\t\t\t\t\t\n\t\t\t\t\t\t\t\t\t<\/span>\n\t\t\t<\/a>\t\t<\/div>\n\t\t\t\t\t\t<\/div>\n\t\t\t\t<\/div>\n\t\t\t\t<\/div>\n\t\t\t\t<\/div>\n\t\t\t\t<\/div>\n\t\t\t\t<\/div>\n\t\t\t\t<\/div>","protected":false},"excerpt":{"rendered":"<p>El Borr\u00f3n Espacio para compartir pensamientos e ideas, principalmente en materia de derecho corporativo, transacciones corporativas y negocios, con un enfoque multidisciplinario, en constante evoluci\u00f3n y transformaci\u00f3n. Cont\u00e1ctenos Si requiere consultor\u00eda, comun\u00edquese con nosotros. Escr\u00edbanos Agende una llamada<\/p>","protected":false},"author":1,"featured_media":0,"parent":0,"menu_order":0,"comment_status":"closed","ping_status":"closed","template":"full-width.php","meta":{"_acf_changed":false,"footnotes":""},"class_list":["post-296","page","type-page","status-publish","hentry"],"acf":[],"yoast_head":"<!-- This site is optimized with the Yoast SEO plugin v26.3 - https:\/\/yoast.com\/wordpress\/plugins\/seo\/ -->\n<title>Blog - SORO Partners<\/title>\n<meta name=\"description\" content=\"Mantente informado con art\u00edculos sobre tendencias legales y financieras, an\u00e1lisis de mercado y consejos para negocios exitosos.\" \/>\n<meta name=\"robots\" content=\"index, follow, max-snippet:-1, max-image-preview:large, max-video-preview:-1\" \/>\n<link rel=\"canonical\" href=\"https:\/\/soropartners.com\/en\/blog\/\" \/>\n<meta property=\"og:locale\" content=\"en_US\" \/>\n<meta property=\"og:type\" content=\"article\" \/>\n<meta property=\"og:title\" content=\"Blog - SORO Partners\" \/>\n<meta property=\"og:description\" content=\"Mantente informado con art\u00edculos sobre tendencias legales y financieras, an\u00e1lisis de mercado y consejos para negocios exitosos.\" \/>\n<meta property=\"og:url\" content=\"https:\/\/soropartners.com\/en\/blog\/\" \/>\n<meta property=\"og:site_name\" content=\"SORO Partners\" \/>\n<meta property=\"article:modified_time\" content=\"2025-11-13T22:48:23+00:00\" \/>\n<meta property=\"og:image\" content=\"https:\/\/soropartners.com\/wp-content\/uploads\/2025\/01\/shutterstock_330863723.jpg\" \/>\n\t<meta property=\"og:image:width\" content=\"952\" \/>\n\t<meta property=\"og:image:height\" content=\"668\" \/>\n\t<meta property=\"og:image:type\" content=\"image\/jpeg\" \/>\n<meta name=\"twitter:card\" content=\"summary_large_image\" \/>\n<meta name=\"twitter:label1\" content=\"Est. reading time\" \/>\n\t<meta name=\"twitter:data1\" content=\"2 minutes\" \/>\n<script type=\"application\/ld+json\" class=\"yoast-schema-graph\">{\"@context\":\"https:\/\/schema.org\",\"@graph\":[{\"@type\":\"WebPage\",\"@id\":\"https:\/\/soropartners.com\/blog\/\",\"url\":\"https:\/\/soropartners.com\/blog\/\",\"name\":\"Blog - SORO Partners\",\"isPartOf\":{\"@id\":\"https:\/\/soropartners.com\/#website\"},\"primaryImageOfPage\":{\"@id\":\"https:\/\/soropartners.com\/blog\/#primaryimage\"},\"image\":{\"@id\":\"https:\/\/soropartners.com\/blog\/#primaryimage\"},\"thumbnailUrl\":\"https:\/\/soropartners.com\/wp-content\/uploads\/2025\/01\/shutterstock_330863723.jpg\",\"datePublished\":\"2025-02-06T21:30:08+00:00\",\"dateModified\":\"2025-11-13T22:48:23+00:00\",\"description\":\"Mantente informado con art\u00edculos sobre tendencias legales y financieras, an\u00e1lisis de mercado y consejos para negocios exitosos.\",\"breadcrumb\":{\"@id\":\"https:\/\/soropartners.com\/blog\/#breadcrumb\"},\"inLanguage\":\"en-US\",\"potentialAction\":[{\"@type\":\"ReadAction\",\"target\":[\"https:\/\/soropartners.com\/blog\/\"]}]},{\"@type\":\"ImageObject\",\"inLanguage\":\"en-US\",\"@id\":\"https:\/\/soropartners.com\/blog\/#primaryimage\",\"url\":\"https:\/\/soropartners.com\/wp-content\/uploads\/2025\/01\/shutterstock_330863723.jpg\",\"contentUrl\":\"https:\/\/soropartners.com\/wp-content\/uploads\/2025\/01\/shutterstock_330863723.jpg\"},{\"@type\":\"BreadcrumbList\",\"@id\":\"https:\/\/soropartners.com\/blog\/#breadcrumb\",\"itemListElement\":[{\"@type\":\"ListItem\",\"position\":1,\"name\":\"Home\",\"item\":\"https:\/\/soropartners.com\/\"},{\"@type\":\"ListItem\",\"position\":2,\"name\":\"Blog\"}]},{\"@type\":\"WebSite\",\"@id\":\"https:\/\/soropartners.com\/#website\",\"url\":\"https:\/\/soropartners.com\/\",\"name\":\"SORO Partners\",\"description\":\"\",\"publisher\":{\"@id\":\"https:\/\/soropartners.com\/#organization\"},\"potentialAction\":[{\"@type\":\"SearchAction\",\"target\":{\"@type\":\"EntryPoint\",\"urlTemplate\":\"https:\/\/soropartners.com\/?s={search_term_string}\"},\"query-input\":{\"@type\":\"PropertyValueSpecification\",\"valueRequired\":true,\"valueName\":\"search_term_string\"}}],\"inLanguage\":\"en-US\"},{\"@type\":\"Organization\",\"@id\":\"https:\/\/soropartners.com\/#organization\",\"name\":\"SORO Partners\",\"alternateName\":\"SORO Partners\",\"url\":\"https:\/\/soropartners.com\/\",\"logo\":{\"@type\":\"ImageObject\",\"inLanguage\":\"en-US\",\"@id\":\"https:\/\/soropartners.com\/#\/schema\/logo\/image\/\",\"url\":\"https:\/\/soropartners.com\/wp-content\/uploads\/2025\/01\/Grupo-25.svg\",\"contentUrl\":\"https:\/\/soropartners.com\/wp-content\/uploads\/2025\/01\/Grupo-25.svg\",\"width\":276,\"height\":276,\"caption\":\"SORO Partners\"},\"image\":{\"@id\":\"https:\/\/soropartners.com\/#\/schema\/logo\/image\/\"}}]}<\/script>\n<!-- \/ Yoast SEO plugin. -->","yoast_head_json":{"title":"Blog - SORO Partners","description":"Mantente informado con art\u00edculos sobre tendencias legales y financieras, an\u00e1lisis de mercado y consejos para negocios exitosos.","robots":{"index":"index","follow":"follow","max-snippet":"max-snippet:-1","max-image-preview":"max-image-preview:large","max-video-preview":"max-video-preview:-1"},"canonical":"https:\/\/soropartners.com\/en\/blog\/","og_locale":"en_US","og_type":"article","og_title":"Blog - SORO Partners","og_description":"Mantente informado con art\u00edculos sobre tendencias legales y financieras, an\u00e1lisis de mercado y consejos para negocios exitosos.","og_url":"https:\/\/soropartners.com\/en\/blog\/","og_site_name":"SORO Partners","article_modified_time":"2025-11-13T22:48:23+00:00","og_image":[{"width":952,"height":668,"url":"https:\/\/soropartners.com\/wp-content\/uploads\/2025\/01\/shutterstock_330863723.jpg","type":"image\/jpeg"}],"twitter_card":"summary_large_image","twitter_misc":{"Est. reading time":"2 minutes"},"schema":{"@context":"https:\/\/schema.org","@graph":[{"@type":"WebPage","@id":"https:\/\/soropartners.com\/blog\/","url":"https:\/\/soropartners.com\/blog\/","name":"Blog - SORO Partners","isPartOf":{"@id":"https:\/\/soropartners.com\/#website"},"primaryImageOfPage":{"@id":"https:\/\/soropartners.com\/blog\/#primaryimage"},"image":{"@id":"https:\/\/soropartners.com\/blog\/#primaryimage"},"thumbnailUrl":"https:\/\/soropartners.com\/wp-content\/uploads\/2025\/01\/shutterstock_330863723.jpg","datePublished":"2025-02-06T21:30:08+00:00","dateModified":"2025-11-13T22:48:23+00:00","description":"Mantente informado con art\u00edculos sobre tendencias legales y financieras, an\u00e1lisis de mercado y consejos para negocios exitosos.","breadcrumb":{"@id":"https:\/\/soropartners.com\/blog\/#breadcrumb"},"inLanguage":"en-US","potentialAction":[{"@type":"ReadAction","target":["https:\/\/soropartners.com\/blog\/"]}]},{"@type":"ImageObject","inLanguage":"en-US","@id":"https:\/\/soropartners.com\/blog\/#primaryimage","url":"https:\/\/soropartners.com\/wp-content\/uploads\/2025\/01\/shutterstock_330863723.jpg","contentUrl":"https:\/\/soropartners.com\/wp-content\/uploads\/2025\/01\/shutterstock_330863723.jpg"},{"@type":"BreadcrumbList","@id":"https:\/\/soropartners.com\/blog\/#breadcrumb","itemListElement":[{"@type":"ListItem","position":1,"name":"Home","item":"https:\/\/soropartners.com\/"},{"@type":"ListItem","position":2,"name":"Blog"}]},{"@type":"WebSite","@id":"https:\/\/soropartners.com\/#website","url":"https:\/\/soropartners.com\/","name":"SORO Partners","description":"","publisher":{"@id":"https:\/\/soropartners.com\/#organization"},"potentialAction":[{"@type":"SearchAction","target":{"@type":"EntryPoint","urlTemplate":"https:\/\/soropartners.com\/?s={search_term_string}"},"query-input":{"@type":"PropertyValueSpecification","valueRequired":true,"valueName":"search_term_string"}}],"inLanguage":"en-US"},{"@type":"Organization","@id":"https:\/\/soropartners.com\/#organization","name":"SORO Partners","alternateName":"SORO Partners","url":"https:\/\/soropartners.com\/","logo":{"@type":"ImageObject","inLanguage":"en-US","@id":"https:\/\/soropartners.com\/#\/schema\/logo\/image\/","url":"https:\/\/soropartners.com\/wp-content\/uploads\/2025\/01\/Grupo-25.svg","contentUrl":"https:\/\/soropartners.com\/wp-content\/uploads\/2025\/01\/Grupo-25.svg","width":276,"height":276,"caption":"SORO Partners"},"image":{"@id":"https:\/\/soropartners.com\/#\/schema\/logo\/image\/"}}]}},"_links":{"self":[{"href":"https:\/\/soropartners.com\/en\/wp-json\/wp\/v2\/pages\/296","targetHints":{"allow":["GET"]}}],"collection":[{"href":"https:\/\/soropartners.com\/en\/wp-json\/wp\/v2\/pages"}],"about":[{"href":"https:\/\/soropartners.com\/en\/wp-json\/wp\/v2\/types\/page"}],"author":[{"embeddable":true,"href":"https:\/\/soropartners.com\/en\/wp-json\/wp\/v2\/users\/1"}],"replies":[{"embeddable":true,"href":"https:\/\/soropartners.com\/en\/wp-json\/wp\/v2\/comments?post=296"}],"version-history":[{"count":35,"href":"https:\/\/soropartners.com\/en\/wp-json\/wp\/v2\/pages\/296\/revisions"}],"predecessor-version":[{"id":1266,"href":"https:\/\/soropartners.com\/en\/wp-json\/wp\/v2\/pages\/296\/revisions\/1266"}],"wp:attachment":[{"href":"https:\/\/soropartners.com\/en\/wp-json\/wp\/v2\/media?parent=296"}],"curies":[{"name":"wp","href":"https:\/\/api.w.org\/{rel}","templated":true}]}}