{"id":580,"date":"2025-03-28T16:32:39","date_gmt":"2025-03-28T16:32:39","guid":{"rendered":"https:\/\/upwyse.co\/soro\/?page_id=580"},"modified":"2025-05-23T13:12:22","modified_gmt":"2025-05-23T13:12:22","slug":"contacto","status":"publish","type":"page","link":"https:\/\/soropartners.com\/en\/contacto\/","title":{"rendered":"Contact"},"content":{"rendered":"<div data-elementor-type=\"wp-page\" data-elementor-id=\"580\" class=\"elementor elementor-580\">\n\t\t\t\t<div class=\"elementor-element elementor-element-1d75a6b e-flex e-con-boxed e-con e-parent\" data-id=\"1d75a6b\" data-element_type=\"container\" data-settings=\"{&quot;background_background&quot;:&quot;classic&quot;,&quot;jet_parallax_layout_list&quot;:[]}\">\n\t\t\t\t\t<div class=\"e-con-inner\">\n\t\t\t\t<div class=\"elementor-element elementor-element-d653915 elementor-invisible elementor-widget elementor-widget-image\" data-id=\"d653915\" data-element_type=\"widget\" data-settings=\"{&quot;_animation&quot;:&quot;fadeInDown&quot;}\" data-widget_type=\"image.default\">\n\t\t\t\t<div class=\"elementor-widget-container\">\n\t\t\t\t\t\t\t\t\t\t\t\t\t\t\t<img fetchpriority=\"high\" decoding=\"async\" width=\"725\" height=\"720\" src=\"https:\/\/soropartners.com\/wp-content\/uploads\/2025\/01\/Fondo_Info.svg\" class=\"attachment-large size-large wp-image-155\" alt=\"\" \/>\t\t\t\t\t\t\t\t\t\t\t\t\t\t\t<\/div>\n\t\t\t\t<\/div>\n\t\t\t\t\t<\/div>\n\t\t\t\t<\/div>\n\t\t<div class=\"elementor-element elementor-element-3e961aa e-flex e-con-boxed elementor-invisible e-con e-parent\" data-id=\"3e961aa\" data-element_type=\"container\" data-settings=\"{&quot;jet_parallax_layout_list&quot;:[],&quot;animation&quot;:&quot;fadeIn&quot;}\">\n\t\t\t\t\t<div class=\"e-con-inner\">\n\t\t<div class=\"elementor-element elementor-element-db317ac e-con-full e-flex e-con e-child\" data-id=\"db317ac\" data-element_type=\"container\" data-settings=\"{&quot;jet_parallax_layout_list&quot;:[]}\">\n\t\t\t\t<div class=\"elementor-element elementor-element-6933351 elementor-invisible elementor-widget elementor-widget-heading\" data-id=\"6933351\" data-element_type=\"widget\" data-settings=\"{&quot;_animation&quot;:&quot;fadeInUp&quot;}\" data-widget_type=\"heading.default\">\n\t\t\t\t<div class=\"elementor-widget-container\">\n\t\t\t\t\t<h2 class=\"elementor-heading-title elementor-size-default\">WRITE TO US<\/h2>\t\t\t\t<\/div>\n\t\t\t\t<\/div>\n\t\t\t\t<div class=\"elementor-element elementor-element-eb3a89a elementor-widget elementor-widget-jet-engine-booking-form\" data-id=\"eb3a89a\" data-element_type=\"widget\" data-widget_type=\"jet-engine-booking-form.default\">\n\t\t\t\t<div class=\"elementor-widget-container\">\n\t\t\t\t\t<form  class=\"jet-form layout-column submit-type-ajax\" action=\"\/en\/wp-json\/wp\/v2\/pages\/580?jet_engine_action=book&#038;nocache=1776514824\" method=\"POST\" data-form-id=\"1033\" data-trp-original-action=\"\/en\/wp-json\/wp\/v2\/pages\/580?jet_engine_action=book&#038;nocache=1776514824\"><input class=\"jet-form__field hidden-field\" type=\"hidden\" name=\"_jet_engine_booking_form_id\" value=\"1033\" data-field-name=\"_jet_engine_booking_form_id\"><input class=\"jet-form__field hidden-field\" type=\"hidden\" name=\"_jet_engine_refer\" value=\"https:\/\/soropartners.com\/en\/wp-json\/wp\/v2\/pages\/580\" data-field-name=\"_jet_engine_refer\"><div  class=\"jet-form-row jet-form-row--hidden\"><div class=\"jet-form-col jet-form-col-12  field-type-hidden  jet-form-field-container\" data-field=\"post_id\" data-conditional=\"false\"><input class=\"jet-form__field hidden-field\" type=\"hidden\" name=\"post_id\" value=\"580\" data-field-name=\"post_id\"><\/div><\/div><div  class=\"jet-form-row jet-form-row--first-visible\"><div class=\"jet-form-col jet-form-col-12  field-type-text  jet-form-field-container\" data-field=\"field_name\" data-conditional=\"false\"><input class=\"jet-form__field text-field\" placeholder=\"Name\" value=\"\" required=\"required\" name=\"field_name\" id=\"field_name\" type=\"text\" data-field-name=\"field_name\"><\/div><\/div><div  class=\"jet-form-row\"><div class=\"jet-form-col jet-form-col-12  field-type-text  jet-form-field-container\" data-field=\"field_mail\" data-conditional=\"false\"><input class=\"jet-form__field text-field\" placeholder=\"Mail\" value=\"\" required=\"required\" name=\"field_mail\" id=\"field_mail\" type=\"email\" data-field-name=\"field_mail\"><\/div><\/div><div  class=\"jet-form-row\"><div class=\"jet-form-col jet-form-col-12  field-type-textarea  jet-form-field-container\" data-field=\"field_Mensaje\" data-conditional=\"false\"><textarea class=\"jet-form__field textarea-field\" placeholder=\"Message\" required=\"required\" name=\"field_Mensaje\" data-field-name=\"field_Mensaje\" id=\"field_Mensaje\"><\/textarea><\/div><\/div><div  class=\"jet-form-row jet-form-row--submit\"><div class=\"jet-form-col jet-form-col-12  field-type-submit  jet-form-field-container\" data-field=\"Submit\" data-conditional=\"false\"><div class=\"jet-form__submit-wrap\">\n\t\t<button class=\"jet-form__submit submit-type-ajax\" type=\"button\">Send<\/button>\n<\/div><\/div><\/div><input class=\"jet-form__field hidden-field\" type=\"hidden\" name=\"_jet_engine_nonce\" value=\"fed48c99d3\" data-field-name=\"_jet_engine_nonce\"><input type=\"hidden\" name=\"trp-form-language\" value=\"en\"\/><\/form><div class=\"jet-form-messages-wrap\" data-form-id=\"1033\"><\/div>\t\t\t\t<\/div>\n\t\t\t\t<\/div>\n\t\t\t\t<\/div>\n\t\t<div class=\"elementor-element elementor-element-bcbd4f1 e-con-full e-flex e-con e-child\" data-id=\"bcbd4f1\" data-element_type=\"container\" data-settings=\"{&quot;jet_parallax_layout_list&quot;:[]}\">\n\t\t\t\t<div class=\"elementor-element elementor-element-b33defe elementor-widget elementor-widget-heading\" data-id=\"b33defe\" data-element_type=\"widget\" data-widget_type=\"heading.default\">\n\t\t\t\t<div class=\"elementor-widget-container\">\n\t\t\t\t\t<h2 class=\"elementor-heading-title elementor-size-default\">Office<\/h2>\t\t\t\t<\/div>\n\t\t\t\t<\/div>\n\t\t\t\t<div class=\"elementor-element elementor-element-d67c6ce elementor-widget elementor-widget-heading\" data-id=\"d67c6ce\" data-element_type=\"widget\" data-widget_type=\"heading.default\">\n\t\t\t\t<div class=\"elementor-widget-container\">\n\t\t\t\t\t<h2 class=\"elementor-heading-title elementor-size-default\">La Isla Building - Spirit, 4th Floor, Suite 402<br>Tiradentes Ave. and Presidente Gonzalez Ave.<br> Ens. Naco, Santo Domingo de Guzm\u00e1n<br>Dominican Republic<\/h2>\t\t\t\t<\/div>\n\t\t\t\t<\/div>\n\t\t\t\t<div class=\"elementor-element elementor-element-b495813 elementor-widget elementor-widget-heading\" data-id=\"b495813\" data-element_type=\"widget\" data-widget_type=\"heading.default\">\n\t\t\t\t<div class=\"elementor-widget-container\">\n\t\t\t\t\t<h2 class=\"elementor-heading-title elementor-size-default\">Phone<\/h2>\t\t\t\t<\/div>\n\t\t\t\t<\/div>\n\t\t\t\t<div class=\"elementor-element elementor-element-e67338e elementor-widget elementor-widget-heading\" data-id=\"e67338e\" data-element_type=\"widget\" data-widget_type=\"heading.default\">\n\t\t\t\t<div class=\"elementor-widget-container\">\n\t\t\t\t\t<h2 class=\"elementor-heading-title elementor-size-default\">+1 (809) 745-3274<\/h2>\t\t\t\t<\/div>\n\t\t\t\t<\/div>\n\t\t\t\t<div class=\"elementor-element elementor-element-41a7dd4 elementor-widget elementor-widget-heading\" data-id=\"41a7dd4\" data-element_type=\"widget\" data-widget_type=\"heading.default\">\n\t\t\t\t<div class=\"elementor-widget-container\">\n\t\t\t\t\t<h2 class=\"elementor-heading-title elementor-size-default\">FOLLOW US<\/h2>\t\t\t\t<\/div>\n\t\t\t\t<\/div>\n\t\t\t\t<div class=\"elementor-element elementor-element-3447a92 elementor-widget elementor-widget-heading\" data-id=\"3447a92\" data-element_type=\"widget\" data-widget_type=\"heading.default\">\n\t\t\t\t<div class=\"elementor-widget-container\">\n\t\t\t\t\t<h2 class=\"elementor-heading-title elementor-size-default\"><a href=\"https:\/\/www.linkedin.com\/company\/soro-partners\/posts\/?feedView=all\" target=\"_blank\">LinkedIn<\/a><\/h2>\t\t\t\t<\/div>\n\t\t\t\t<\/div>\n\t\t\t\t<div class=\"elementor-element elementor-element-f980544 elementor-widget elementor-widget-heading\" data-id=\"f980544\" data-element_type=\"widget\" data-widget_type=\"heading.default\">\n\t\t\t\t<div class=\"elementor-widget-container\">\n\t\t\t\t\t<h2 class=\"elementor-heading-title elementor-size-default\"><a href=\"https:\/\/www.instagram.com\/soropartners\/\" target=\"_blank\">Instagram<\/a><\/h2>\t\t\t\t<\/div>\n\t\t\t\t<\/div>\n\t\t\t\t<\/div>\n\t\t\t\t\t<\/div>\n\t\t\t\t<\/div>\n\t\t\t\t<\/div>","protected":false},"excerpt":{"rendered":"<p>ESCR\u00cdBENOS Enviar Oficina Tel\u00e9fono S\u00cdGUENOS LinkedIn Instagram<\/p>","protected":false},"author":1,"featured_media":0,"parent":0,"menu_order":0,"comment_status":"closed","ping_status":"closed","template":"full-width.php","meta":{"_acf_changed":false,"footnotes":""},"class_list":["post-580","page","type-page","status-publish","hentry"],"acf":[],"yoast_head":"<!-- This site is optimized with the Yoast SEO plugin v26.3 - https:\/\/yoast.com\/wordpress\/plugins\/seo\/ -->\n<title>Contacto - SORO Partners<\/title>\n<meta name=\"description\" content=\"Cont\u00e1ctanos para recibir asesor\u00eda personalizada en consultor\u00eda legal y financiera. Estamos ubicados en Santo Domingo.\" \/>\n<meta name=\"robots\" content=\"index, follow, max-snippet:-1, max-image-preview:large, max-video-preview:-1\" \/>\n<link rel=\"canonical\" href=\"https:\/\/soropartners.com\/en\/contacto\/\" \/>\n<meta property=\"og:locale\" content=\"en_US\" \/>\n<meta property=\"og:type\" content=\"article\" \/>\n<meta property=\"og:title\" content=\"Contacto - SORO Partners\" \/>\n<meta property=\"og:description\" content=\"Cont\u00e1ctanos para recibir asesor\u00eda personalizada en consultor\u00eda legal y financiera. Estamos ubicados en Santo Domingo.\" \/>\n<meta property=\"og:url\" content=\"https:\/\/soropartners.com\/en\/contacto\/\" \/>\n<meta property=\"og:site_name\" content=\"SORO Partners\" \/>\n<meta property=\"article:modified_time\" content=\"2025-05-23T13:12:22+00:00\" \/>\n<meta property=\"og:image\" content=\"https:\/\/soropartners.com\/wp-content\/uploads\/2025\/01\/Fondo_Info.svg\" \/>\n<meta name=\"twitter:card\" content=\"summary_large_image\" \/>\n<meta name=\"twitter:label1\" content=\"Est. reading time\" \/>\n\t<meta name=\"twitter:data1\" content=\"1 minute\" \/>\n<script type=\"application\/ld+json\" class=\"yoast-schema-graph\">{\"@context\":\"https:\/\/schema.org\",\"@graph\":[{\"@type\":\"WebPage\",\"@id\":\"https:\/\/soropartners.com\/contacto\/\",\"url\":\"https:\/\/soropartners.com\/contacto\/\",\"name\":\"Contacto - SORO Partners\",\"isPartOf\":{\"@id\":\"https:\/\/soropartners.com\/#website\"},\"primaryImageOfPage\":{\"@id\":\"https:\/\/soropartners.com\/contacto\/#primaryimage\"},\"image\":{\"@id\":\"https:\/\/soropartners.com\/contacto\/#primaryimage\"},\"thumbnailUrl\":\"https:\/\/soropartners.com\/wp-content\/uploads\/2025\/01\/Fondo_Info.svg\",\"datePublished\":\"2025-03-28T16:32:39+00:00\",\"dateModified\":\"2025-05-23T13:12:22+00:00\",\"description\":\"Cont\u00e1ctanos para recibir asesor\u00eda personalizada en consultor\u00eda legal y financiera. Estamos ubicados en Santo Domingo.\",\"breadcrumb\":{\"@id\":\"https:\/\/soropartners.com\/contacto\/#breadcrumb\"},\"inLanguage\":\"en-US\",\"potentialAction\":[{\"@type\":\"ReadAction\",\"target\":[\"https:\/\/soropartners.com\/contacto\/\"]}]},{\"@type\":\"ImageObject\",\"inLanguage\":\"en-US\",\"@id\":\"https:\/\/soropartners.com\/contacto\/#primaryimage\",\"url\":\"https:\/\/soropartners.com\/wp-content\/uploads\/2025\/01\/Fondo_Info.svg\",\"contentUrl\":\"https:\/\/soropartners.com\/wp-content\/uploads\/2025\/01\/Fondo_Info.svg\"},{\"@type\":\"BreadcrumbList\",\"@id\":\"https:\/\/soropartners.com\/contacto\/#breadcrumb\",\"itemListElement\":[{\"@type\":\"ListItem\",\"position\":1,\"name\":\"Home\",\"item\":\"https:\/\/soropartners.com\/\"},{\"@type\":\"ListItem\",\"position\":2,\"name\":\"Contacto\"}]},{\"@type\":\"WebSite\",\"@id\":\"https:\/\/soropartners.com\/#website\",\"url\":\"https:\/\/soropartners.com\/\",\"name\":\"SORO Partners\",\"description\":\"\",\"publisher\":{\"@id\":\"https:\/\/soropartners.com\/#organization\"},\"potentialAction\":[{\"@type\":\"SearchAction\",\"target\":{\"@type\":\"EntryPoint\",\"urlTemplate\":\"https:\/\/soropartners.com\/?s={search_term_string}\"},\"query-input\":{\"@type\":\"PropertyValueSpecification\",\"valueRequired\":true,\"valueName\":\"search_term_string\"}}],\"inLanguage\":\"en-US\"},{\"@type\":\"Organization\",\"@id\":\"https:\/\/soropartners.com\/#organization\",\"name\":\"SORO Partners\",\"alternateName\":\"SORO Partners\",\"url\":\"https:\/\/soropartners.com\/\",\"logo\":{\"@type\":\"ImageObject\",\"inLanguage\":\"en-US\",\"@id\":\"https:\/\/soropartners.com\/#\/schema\/logo\/image\/\",\"url\":\"https:\/\/soropartners.com\/wp-content\/uploads\/2025\/01\/Grupo-25.svg\",\"contentUrl\":\"https:\/\/soropartners.com\/wp-content\/uploads\/2025\/01\/Grupo-25.svg\",\"width\":276,\"height\":276,\"caption\":\"SORO Partners\"},\"image\":{\"@id\":\"https:\/\/soropartners.com\/#\/schema\/logo\/image\/\"}}]}<\/script>\n<!-- \/ Yoast SEO plugin. -->","yoast_head_json":{"title":"Contacto - SORO Partners","description":"Cont\u00e1ctanos para recibir asesor\u00eda personalizada en consultor\u00eda legal y financiera. Estamos ubicados en Santo Domingo.","robots":{"index":"index","follow":"follow","max-snippet":"max-snippet:-1","max-image-preview":"max-image-preview:large","max-video-preview":"max-video-preview:-1"},"canonical":"https:\/\/soropartners.com\/en\/contacto\/","og_locale":"en_US","og_type":"article","og_title":"Contacto - SORO Partners","og_description":"Cont\u00e1ctanos para recibir asesor\u00eda personalizada en consultor\u00eda legal y financiera. Estamos ubicados en Santo Domingo.","og_url":"https:\/\/soropartners.com\/en\/contacto\/","og_site_name":"SORO Partners","article_modified_time":"2025-05-23T13:12:22+00:00","og_image":[{"url":"https:\/\/soropartners.com\/wp-content\/uploads\/2025\/01\/Fondo_Info.svg","type":"","width":"","height":""}],"twitter_card":"summary_large_image","twitter_misc":{"Est. reading time":"1 minute"},"schema":{"@context":"https:\/\/schema.org","@graph":[{"@type":"WebPage","@id":"https:\/\/soropartners.com\/contacto\/","url":"https:\/\/soropartners.com\/contacto\/","name":"Contacto - SORO Partners","isPartOf":{"@id":"https:\/\/soropartners.com\/#website"},"primaryImageOfPage":{"@id":"https:\/\/soropartners.com\/contacto\/#primaryimage"},"image":{"@id":"https:\/\/soropartners.com\/contacto\/#primaryimage"},"thumbnailUrl":"https:\/\/soropartners.com\/wp-content\/uploads\/2025\/01\/Fondo_Info.svg","datePublished":"2025-03-28T16:32:39+00:00","dateModified":"2025-05-23T13:12:22+00:00","description":"Cont\u00e1ctanos para recibir asesor\u00eda personalizada en consultor\u00eda legal y financiera. Estamos ubicados en Santo Domingo.","breadcrumb":{"@id":"https:\/\/soropartners.com\/contacto\/#breadcrumb"},"inLanguage":"en-US","potentialAction":[{"@type":"ReadAction","target":["https:\/\/soropartners.com\/contacto\/"]}]},{"@type":"ImageObject","inLanguage":"en-US","@id":"https:\/\/soropartners.com\/contacto\/#primaryimage","url":"https:\/\/soropartners.com\/wp-content\/uploads\/2025\/01\/Fondo_Info.svg","contentUrl":"https:\/\/soropartners.com\/wp-content\/uploads\/2025\/01\/Fondo_Info.svg"},{"@type":"BreadcrumbList","@id":"https:\/\/soropartners.com\/contacto\/#breadcrumb","itemListElement":[{"@type":"ListItem","position":1,"name":"Home","item":"https:\/\/soropartners.com\/"},{"@type":"ListItem","position":2,"name":"Contacto"}]},{"@type":"WebSite","@id":"https:\/\/soropartners.com\/#website","url":"https:\/\/soropartners.com\/","name":"SORO Partners","description":"","publisher":{"@id":"https:\/\/soropartners.com\/#organization"},"potentialAction":[{"@type":"SearchAction","target":{"@type":"EntryPoint","urlTemplate":"https:\/\/soropartners.com\/?s={search_term_string}"},"query-input":{"@type":"PropertyValueSpecification","valueRequired":true,"valueName":"search_term_string"}}],"inLanguage":"en-US"},{"@type":"Organization","@id":"https:\/\/soropartners.com\/#organization","name":"SORO Partners","alternateName":"SORO Partners","url":"https:\/\/soropartners.com\/","logo":{"@type":"ImageObject","inLanguage":"en-US","@id":"https:\/\/soropartners.com\/#\/schema\/logo\/image\/","url":"https:\/\/soropartners.com\/wp-content\/uploads\/2025\/01\/Grupo-25.svg","contentUrl":"https:\/\/soropartners.com\/wp-content\/uploads\/2025\/01\/Grupo-25.svg","width":276,"height":276,"caption":"SORO Partners"},"image":{"@id":"https:\/\/soropartners.com\/#\/schema\/logo\/image\/"}}]}},"_links":{"self":[{"href":"https:\/\/soropartners.com\/en\/wp-json\/wp\/v2\/pages\/580","targetHints":{"allow":["GET"]}}],"collection":[{"href":"https:\/\/soropartners.com\/en\/wp-json\/wp\/v2\/pages"}],"about":[{"href":"https:\/\/soropartners.com\/en\/wp-json\/wp\/v2\/types\/page"}],"author":[{"embeddable":true,"href":"https:\/\/soropartners.com\/en\/wp-json\/wp\/v2\/users\/1"}],"replies":[{"embeddable":true,"href":"https:\/\/soropartners.com\/en\/wp-json\/wp\/v2\/comments?post=580"}],"version-history":[{"count":54,"href":"https:\/\/soropartners.com\/en\/wp-json\/wp\/v2\/pages\/580\/revisions"}],"predecessor-version":[{"id":1046,"href":"https:\/\/soropartners.com\/en\/wp-json\/wp\/v2\/pages\/580\/revisions\/1046"}],"wp:attachment":[{"href":"https:\/\/soropartners.com\/en\/wp-json\/wp\/v2\/media?parent=580"}],"curies":[{"name":"wp","href":"https:\/\/api.w.org\/{rel}","templated":true}]}}